{"id":5293,"date":"2023-03-08T16:37:08","date_gmt":"2023-03-08T16:37:08","guid":{"rendered":"https:\/\/knopfclub.ch\/?page_id=5293"},"modified":"2023-03-08T16:41:13","modified_gmt":"2023-03-08T16:41:13","slug":"blog","status":"publish","type":"page","link":"https:\/\/knopfclub.ch\/fr\/blog\/","title":{"rendered":"Blog"},"content":{"rendered":"<div data-elementor-type=\"wp-page\" data-elementor-id=\"5293\" class=\"elementor elementor-5293\" data-elementor-post-type=\"page\">\n\t\t\t\t\t\t<section class=\"elementor-section elementor-top-section elementor-element elementor-element-4e9b1701 elementor-section-full_width elementor-section-height-min-height elementor-section-height-default elementor-section-items-middle\" data-id=\"4e9b1701\" data-element_type=\"section\" id=\"slider_hide1\" data-settings=\"{&quot;jet_parallax_layout_list&quot;:[{&quot;_id&quot;:&quot;5aba94&quot;,&quot;jet_parallax_layout_image&quot;:{&quot;url&quot;:&quot;&quot;,&quot;id&quot;:&quot;&quot;,&quot;size&quot;:&quot;&quot;},&quot;jet_parallax_layout_image_tablet&quot;:{&quot;url&quot;:&quot;&quot;,&quot;id&quot;:&quot;&quot;,&quot;size&quot;:&quot;&quot;},&quot;jet_parallax_layout_image_mobile&quot;:{&quot;url&quot;:&quot;&quot;,&quot;id&quot;:&quot;&quot;,&quot;size&quot;:&quot;&quot;},&quot;jet_parallax_layout_speed&quot;:{&quot;unit&quot;:&quot;%&quot;,&quot;size&quot;:50,&quot;sizes&quot;:[]},&quot;jet_parallax_layout_type&quot;:&quot;scroll&quot;,&quot;jet_parallax_layout_direction&quot;:null,&quot;jet_parallax_layout_fx_direction&quot;:null,&quot;jet_parallax_layout_z_index&quot;:&quot;&quot;,&quot;jet_parallax_layout_bg_x&quot;:50,&quot;jet_parallax_layout_bg_x_tablet&quot;:&quot;&quot;,&quot;jet_parallax_layout_bg_x_mobile&quot;:&quot;&quot;,&quot;jet_parallax_layout_bg_y&quot;:50,&quot;jet_parallax_layout_bg_y_tablet&quot;:&quot;&quot;,&quot;jet_parallax_layout_bg_y_mobile&quot;:&quot;&quot;,&quot;jet_parallax_layout_bg_size&quot;:&quot;auto&quot;,&quot;jet_parallax_layout_bg_size_tablet&quot;:&quot;&quot;,&quot;jet_parallax_layout_bg_size_mobile&quot;:&quot;&quot;,&quot;jet_parallax_layout_animation_prop&quot;:&quot;transform&quot;,&quot;jet_parallax_layout_on&quot;:[&quot;desktop&quot;,&quot;tablet&quot;]}],&quot;background_background&quot;:&quot;classic&quot;}\">\n\t\t\t\t\t\t\t<div class=\"elementor-background-overlay\"><\/div>\n\t\t\t\t\t\t\t<div class=\"elementor-container elementor-column-gap-default\">\n\t\t\t\t\t<div class=\"elementor-column elementor-col-100 elementor-top-column elementor-element elementor-element-e58dc16\" data-id=\"e58dc16\" data-element_type=\"column\">\n\t\t\t<div class=\"elementor-widget-wrap elementor-element-populated\">\n\t\t\t\t\t\t<div class=\"elementor-element elementor-element-6a3a84a0 elementor-widget elementor-widget-heading\" data-id=\"6a3a84a0\" data-element_type=\"widget\" data-widget_type=\"heading.default\">\n\t\t\t\t<div class=\"elementor-widget-container\">\n\t\t\t<h2 class=\"elementor-heading-title elementor-size-default\">Blog<\/h2>\t\t<\/div>\n\t\t\t\t<\/div>\n\t\t\t\t\t<\/div>\n\t\t<\/div>\n\t\t\t\t\t<\/div>\n\t\t<\/section>\n\t\t\t\t<section class=\"elementor-section elementor-top-section elementor-element elementor-element-67976859 elementor-section-boxed elementor-section-height-default elementor-section-height-default\" data-id=\"67976859\" data-element_type=\"section\" data-settings=\"{&quot;jet_parallax_layout_list&quot;:[{&quot;jet_parallax_layout_image&quot;:{&quot;url&quot;:&quot;&quot;,&quot;id&quot;:&quot;&quot;,&quot;size&quot;:&quot;&quot;},&quot;_id&quot;:&quot;506868b&quot;,&quot;jet_parallax_layout_image_tablet&quot;:{&quot;url&quot;:&quot;&quot;,&quot;id&quot;:&quot;&quot;,&quot;size&quot;:&quot;&quot;},&quot;jet_parallax_layout_image_mobile&quot;:{&quot;url&quot;:&quot;&quot;,&quot;id&quot;:&quot;&quot;,&quot;size&quot;:&quot;&quot;},&quot;jet_parallax_layout_speed&quot;:{&quot;unit&quot;:&quot;%&quot;,&quot;size&quot;:50,&quot;sizes&quot;:[]},&quot;jet_parallax_layout_type&quot;:&quot;scroll&quot;,&quot;jet_parallax_layout_direction&quot;:null,&quot;jet_parallax_layout_fx_direction&quot;:null,&quot;jet_parallax_layout_z_index&quot;:&quot;&quot;,&quot;jet_parallax_layout_bg_x&quot;:50,&quot;jet_parallax_layout_bg_x_tablet&quot;:&quot;&quot;,&quot;jet_parallax_layout_bg_x_mobile&quot;:&quot;&quot;,&quot;jet_parallax_layout_bg_y&quot;:50,&quot;jet_parallax_layout_bg_y_tablet&quot;:&quot;&quot;,&quot;jet_parallax_layout_bg_y_mobile&quot;:&quot;&quot;,&quot;jet_parallax_layout_bg_size&quot;:&quot;auto&quot;,&quot;jet_parallax_layout_bg_size_tablet&quot;:&quot;&quot;,&quot;jet_parallax_layout_bg_size_mobile&quot;:&quot;&quot;,&quot;jet_parallax_layout_animation_prop&quot;:&quot;transform&quot;,&quot;jet_parallax_layout_on&quot;:[&quot;desktop&quot;,&quot;tablet&quot;]}]}\">\n\t\t\t\t\t\t<div class=\"elementor-container elementor-column-gap-default\">\n\t\t\t\t\t<div class=\"elementor-column elementor-col-100 elementor-top-column elementor-element elementor-element-324b6cf5\" data-id=\"324b6cf5\" data-element_type=\"column\">\n\t\t\t<div class=\"elementor-widget-wrap elementor-element-populated\">\n\t\t\t\t\t\t<div class=\"elementor-element elementor-element-4da54b1a elementor-widget elementor-widget-text-editor\" data-id=\"4da54b1a\" data-element_type=\"widget\" data-widget_type=\"text-editor.default\">\n\t\t\t\t<div class=\"elementor-widget-container\">\n\t\t\t\t\t\t\t<p>Des communications utiles et actuelles sont publi\u00e9es ici \u00e0 intervalles r\u00e9guliers.<\/p>\t\t\t\t\t\t<\/div>\n\t\t\t\t<\/div>\n\t\t\t\t\t<\/div>\n\t\t<\/div>\n\t\t\t\t\t<\/div>\n\t\t<\/section>\n\t\t\t\t<section class=\"elementor-section elementor-top-section elementor-element elementor-element-7dd8d4ca elementor-section-boxed elementor-section-height-default elementor-section-height-default\" data-id=\"7dd8d4ca\" data-element_type=\"section\" data-settings=\"{&quot;jet_parallax_layout_list&quot;:[{&quot;jet_parallax_layout_image&quot;:{&quot;url&quot;:&quot;&quot;,&quot;id&quot;:&quot;&quot;,&quot;size&quot;:&quot;&quot;},&quot;_id&quot;:&quot;6db8c45&quot;,&quot;jet_parallax_layout_image_tablet&quot;:{&quot;url&quot;:&quot;&quot;,&quot;id&quot;:&quot;&quot;,&quot;size&quot;:&quot;&quot;},&quot;jet_parallax_layout_image_mobile&quot;:{&quot;url&quot;:&quot;&quot;,&quot;id&quot;:&quot;&quot;,&quot;size&quot;:&quot;&quot;},&quot;jet_parallax_layout_speed&quot;:{&quot;unit&quot;:&quot;%&quot;,&quot;size&quot;:50,&quot;sizes&quot;:[]},&quot;jet_parallax_layout_type&quot;:&quot;scroll&quot;,&quot;jet_parallax_layout_direction&quot;:null,&quot;jet_parallax_layout_fx_direction&quot;:null,&quot;jet_parallax_layout_z_index&quot;:&quot;&quot;,&quot;jet_parallax_layout_bg_x&quot;:50,&quot;jet_parallax_layout_bg_x_tablet&quot;:&quot;&quot;,&quot;jet_parallax_layout_bg_x_mobile&quot;:&quot;&quot;,&quot;jet_parallax_layout_bg_y&quot;:50,&quot;jet_parallax_layout_bg_y_tablet&quot;:&quot;&quot;,&quot;jet_parallax_layout_bg_y_mobile&quot;:&quot;&quot;,&quot;jet_parallax_layout_bg_size&quot;:&quot;auto&quot;,&quot;jet_parallax_layout_bg_size_tablet&quot;:&quot;&quot;,&quot;jet_parallax_layout_bg_size_mobile&quot;:&quot;&quot;,&quot;jet_parallax_layout_animation_prop&quot;:&quot;transform&quot;,&quot;jet_parallax_layout_on&quot;:[&quot;desktop&quot;,&quot;tablet&quot;]}]}\">\n\t\t\t\t\t\t<div class=\"elementor-container elementor-column-gap-default\">\n\t\t\t\t\t<div class=\"elementor-column elementor-col-100 elementor-top-column elementor-element elementor-element-7e5e888f\" data-id=\"7e5e888f\" data-element_type=\"column\">\n\t\t\t<div class=\"elementor-widget-wrap elementor-element-populated\">\n\t\t\t\t\t\t<div class=\"elementor-element elementor-element-24d6bd7 elementor-widget elementor-widget-tp-blog-listout\" data-id=\"24d6bd7\" data-element_type=\"widget\" data-widget_type=\"tp-blog-listout.default\">\n\t\t\t\t<div class=\"elementor-widget-container\">\n\t\t\t<div id=\"pt-plus-blog-post-list\" class=\"blog-list post69ee044fbadd4  list-isotope  blog-style-2 hover-image-style-1 layout-style-1\"  data-layout-type=\"fitRows\"   data-id=\"post69ee044fbadd4\" data-style=\"style-2\"  data-enable-isotope=\"1\"><div id=\"post69ee044fbadd4\" class=\"tp-row post-inner-loop post69ee044fbadd4 text-center\"><div class=\"grid-item metro-item  tp-col-lg-3 tp-col-md-4 tp-col-sm-6 tp-col-6\"><article id=\"post-5302\" class=\"post-5302 post type-post status-publish format-standard has-post-thumbnail hentry category-allgemein\">\n\t<div class=\"blog-list-content\">\n\t\t\t\t<div class=\"post-content-image\">\n\t\t\t<a href=\"https:\/\/knopfclub.ch\/fr\/nouveau-droit-des-actions-2023-2\/\">\n\t\t\t\t\t<div class=\"blog-featured-image\">\n\t<span class=\"thumb-wrap\">\n\t\t<img fetchpriority=\"high\" decoding=\"async\" width=\"700\" height=\"600\" src=\"https:\/\/knopfclub.ch\/wp-content\/uploads\/2023\/03\/neues_aktienrecht_2023-700x600.webp\" class=\"attachment-tp-image-grid size-tp-image-grid\" alt=\"\" \/>\t<\/span>\n\t<\/div>\t\t\t<\/a>\n\t\t\t\t\t<\/div>\n\t\t\t\t<div class=\"post-content-bottom\">\n\t\t\t\t\t\t<div class=\"post-metro-content\">\n\t\t\t\t<h3 class=\"post-title\">\n\t<a href=\"https:\/\/knopfclub.ch\/fr\/nouveau-droit-des-actions-2023-2\/\" class=\"normal\">Nouveau droit des soci\u00e9t\u00e9s anonymes 2023<\/a>\n<\/h3>\t\t\t\t\t\t\t\t\t<div class=\"post-hover-content\">\n\t\t\t\t\t\t<div class=\"entry-content\">\n\t<p>Des communications utiles et actuelles sont publi\u00e9es ici \u00e0 intervalles r\u00e9guliers. Le Code des obligations (CO) r\u00e9vis\u00e9 entrera en vigueur le 01.01.2023. Quels sont les principaux changements ? D\u00e9sormais, le capital-actions peut \u00eatre...<\/p>\n<\/div>\t\t\t\t\t<\/div>\n\t\t\t\t\t\t\t\t\t\t\t\t\t<div class=\"post-meta-info style-2\"><span class=\"meta-date\"><a href=\"https:\/\/knopfclub.ch\/fr\/nouveau-droit-des-actions-2023-2\/\"><span class=\"entry-date\">9 mars 2023<\/span><\/a><\/span><\/div>\t\t\t\t\t\t\t<\/div>\n\t\t<\/div>\n\t\t\t\t\t<\/div>\n<\/article>\n<\/div><div class=\"grid-item metro-item  tp-col-lg-3 tp-col-md-4 tp-col-sm-6 tp-col-6\"><article id=\"post-5253\" class=\"post-5253 post type-post status-publish format-standard has-post-thumbnail hentry category-allgemein\">\n\t<div class=\"blog-list-content\">\n\t\t\t\t<div class=\"post-content-image\">\n\t\t\t<a href=\"https:\/\/knopfclub.ch\/fr\/crypto-monnaie-bitcoins\/\">\n\t\t\t\t\t<div class=\"blog-featured-image\">\n\t<span class=\"thumb-wrap\">\n\t\t<img decoding=\"async\" width=\"700\" height=\"506\" src=\"https:\/\/knopfclub.ch\/wp-content\/uploads\/2023\/03\/bitcoins-700x506.webp\" class=\"attachment-tp-image-grid size-tp-image-grid\" alt=\"\" \/>\t<\/span>\n\t<\/div>\t\t\t<\/a>\n\t\t\t\t\t<\/div>\n\t\t\t\t<div class=\"post-content-bottom\">\n\t\t\t\t\t\t<div class=\"post-metro-content\">\n\t\t\t\t<h3 class=\"post-title\">\n\t<a href=\"https:\/\/knopfclub.ch\/fr\/crypto-monnaie-bitcoins\/\" class=\"normal\">Crypto-monnaie \/ Bitcoins<\/a>\n<\/h3>\t\t\t\t\t\t\t\t\t<div class=\"post-hover-content\">\n\t\t\t\t\t\t<div class=\"entry-content\">\n\t<p>Des communications utiles et actuelles sont publi\u00e9es ici \u00e0 intervalles r\u00e9guliers. Le bitcoin est une unit\u00e9 mon\u00e9taire virtuelle et la crypto-monnaie la plus forte sur le march\u00e9 mondial. La comptabilisation et l'\u00e9valuation des bitcoins n'est pas...<\/p>\n<\/div>\t\t\t\t\t<\/div>\n\t\t\t\t\t\t\t\t\t\t\t\t\t<div class=\"post-meta-info style-2\"><span class=\"meta-date\"><a href=\"https:\/\/knopfclub.ch\/fr\/crypto-monnaie-bitcoins\/\"><span class=\"entry-date\">8 mars 2023<\/span><\/a><\/span><\/div>\t\t\t\t\t\t\t<\/div>\n\t\t<\/div>\n\t\t\t\t\t<\/div>\n<\/article>\n<\/div><\/div><\/div>\t\t<\/div>\n\t\t\t\t<\/div>\n\t\t\t\t\t<\/div>\n\t\t<\/div>\n\t\t\t\t\t<\/div>\n\t\t<\/section>\n\t\t\t\t<\/div>","protected":false},"excerpt":{"rendered":"<p>Des communications utiles et actuelles sont publi\u00e9es ici \u00e0 intervalles r\u00e9guliers. Crypto-monnaie \/ Bitcoins Des communications utiles et actuelles sont publi\u00e9es ici \u00e0 intervalles r\u00e9guliers. Le bitcoin est une unit\u00e9 mon\u00e9taire virtuelle et la crypto-monnaie la plus forte sur le march\u00e9 mondial. La comptabilisation et l'\u00e9valuation des bitcoins n'est pas... 8 mars 2023<\/p>","protected":false},"author":1,"featured_media":0,"parent":0,"menu_order":0,"comment_status":"closed","ping_status":"closed","template":"","meta":{"inline_featured_image":false,"footnotes":""},"_links":{"self":[{"href":"https:\/\/knopfclub.ch\/fr\/wp-json\/wp\/v2\/pages\/5293"}],"collection":[{"href":"https:\/\/knopfclub.ch\/fr\/wp-json\/wp\/v2\/pages"}],"about":[{"href":"https:\/\/knopfclub.ch\/fr\/wp-json\/wp\/v2\/types\/page"}],"author":[{"embeddable":true,"href":"https:\/\/knopfclub.ch\/fr\/wp-json\/wp\/v2\/users\/1"}],"replies":[{"embeddable":true,"href":"https:\/\/knopfclub.ch\/fr\/wp-json\/wp\/v2\/comments?post=5293"}],"version-history":[{"count":7,"href":"https:\/\/knopfclub.ch\/fr\/wp-json\/wp\/v2\/pages\/5293\/revisions"}],"predecessor-version":[{"id":5300,"href":"https:\/\/knopfclub.ch\/fr\/wp-json\/wp\/v2\/pages\/5293\/revisions\/5300"}],"wp:attachment":[{"href":"https:\/\/knopfclub.ch\/fr\/wp-json\/wp\/v2\/media?parent=5293"}],"curies":[{"name":"wp","href":"https:\/\/api.w.org\/{rel}","templated":true}]}}