{"id":3936,"date":"2022-09-23T10:56:08","date_gmt":"2022-09-23T10:56:08","guid":{"rendered":"https:\/\/knopfclub.ch\/?page_id=3936"},"modified":"2024-10-15T16:59:52","modified_gmt":"2024-10-15T16:59:52","slug":"events-austellungen","status":"publish","type":"page","link":"https:\/\/knopfclub.ch\/en\/events-exhibitions\/","title":{"rendered":"Events | Exhibitions"},"content":{"rendered":"<div data-elementor-type=\"wp-page\" data-elementor-id=\"3936\" class=\"elementor elementor-3936\" data-elementor-post-type=\"page\">\n\t\t\t\t\t\t<section class=\"elementor-section elementor-top-section elementor-element elementor-element-1e87dd7d elementor-section-full_width elementor-section-height-min-height elementor-section-height-default elementor-section-items-middle\" data-id=\"1e87dd7d\" data-element_type=\"section\" id=\"slider_hide1\" data-settings=\"{&quot;jet_parallax_layout_list&quot;:[{&quot;_id&quot;:&quot;5aba94&quot;,&quot;jet_parallax_layout_image&quot;:{&quot;url&quot;:&quot;&quot;,&quot;id&quot;:&quot;&quot;,&quot;size&quot;:&quot;&quot;},&quot;jet_parallax_layout_image_tablet&quot;:{&quot;url&quot;:&quot;&quot;,&quot;id&quot;:&quot;&quot;,&quot;size&quot;:&quot;&quot;},&quot;jet_parallax_layout_image_mobile&quot;:{&quot;url&quot;:&quot;&quot;,&quot;id&quot;:&quot;&quot;,&quot;size&quot;:&quot;&quot;},&quot;jet_parallax_layout_speed&quot;:{&quot;unit&quot;:&quot;%&quot;,&quot;size&quot;:50,&quot;sizes&quot;:[]},&quot;jet_parallax_layout_type&quot;:&quot;scroll&quot;,&quot;jet_parallax_layout_direction&quot;:null,&quot;jet_parallax_layout_fx_direction&quot;:null,&quot;jet_parallax_layout_z_index&quot;:&quot;&quot;,&quot;jet_parallax_layout_bg_x&quot;:50,&quot;jet_parallax_layout_bg_x_tablet&quot;:&quot;&quot;,&quot;jet_parallax_layout_bg_x_mobile&quot;:&quot;&quot;,&quot;jet_parallax_layout_bg_y&quot;:50,&quot;jet_parallax_layout_bg_y_tablet&quot;:&quot;&quot;,&quot;jet_parallax_layout_bg_y_mobile&quot;:&quot;&quot;,&quot;jet_parallax_layout_bg_size&quot;:&quot;auto&quot;,&quot;jet_parallax_layout_bg_size_tablet&quot;:&quot;&quot;,&quot;jet_parallax_layout_bg_size_mobile&quot;:&quot;&quot;,&quot;jet_parallax_layout_animation_prop&quot;:&quot;transform&quot;,&quot;jet_parallax_layout_on&quot;:[&quot;desktop&quot;,&quot;tablet&quot;]}],&quot;background_background&quot;:&quot;classic&quot;}\">\n\t\t\t\t\t\t\t<div class=\"elementor-background-overlay\"><\/div>\n\t\t\t\t\t\t\t<div class=\"elementor-container elementor-column-gap-default\">\n\t\t\t\t\t<div class=\"elementor-column elementor-col-100 elementor-top-column elementor-element elementor-element-2806b42c\" data-id=\"2806b42c\" data-element_type=\"column\">\n\t\t\t<div class=\"elementor-widget-wrap elementor-element-populated\">\n\t\t\t\t\t\t<div class=\"elementor-element elementor-element-4cdcf8e5 elementor-widget elementor-widget-heading\" data-id=\"4cdcf8e5\" data-element_type=\"widget\" data-widget_type=\"heading.default\">\n\t\t\t\t<div class=\"elementor-widget-container\">\n\t\t\t<h2 class=\"elementor-heading-title elementor-size-default\">Events | Exhibitions<\/h2>\t\t<\/div>\n\t\t\t\t<\/div>\n\t\t\t\t\t<\/div>\n\t\t<\/div>\n\t\t\t\t\t<\/div>\n\t\t<\/section>\n\t\t\t\t<section class=\"elementor-section elementor-top-section elementor-element elementor-element-6f476a65 elementor-section-boxed elementor-section-height-default elementor-section-height-default\" data-id=\"6f476a65\" data-element_type=\"section\" data-settings=\"{&quot;jet_parallax_layout_list&quot;:[{&quot;jet_parallax_layout_image&quot;:{&quot;url&quot;:&quot;&quot;,&quot;id&quot;:&quot;&quot;,&quot;size&quot;:&quot;&quot;},&quot;_id&quot;:&quot;6db8c45&quot;,&quot;jet_parallax_layout_image_tablet&quot;:{&quot;url&quot;:&quot;&quot;,&quot;id&quot;:&quot;&quot;,&quot;size&quot;:&quot;&quot;},&quot;jet_parallax_layout_image_mobile&quot;:{&quot;url&quot;:&quot;&quot;,&quot;id&quot;:&quot;&quot;,&quot;size&quot;:&quot;&quot;},&quot;jet_parallax_layout_speed&quot;:{&quot;unit&quot;:&quot;%&quot;,&quot;size&quot;:50,&quot;sizes&quot;:[]},&quot;jet_parallax_layout_type&quot;:&quot;scroll&quot;,&quot;jet_parallax_layout_direction&quot;:null,&quot;jet_parallax_layout_fx_direction&quot;:null,&quot;jet_parallax_layout_z_index&quot;:&quot;&quot;,&quot;jet_parallax_layout_bg_x&quot;:50,&quot;jet_parallax_layout_bg_x_tablet&quot;:&quot;&quot;,&quot;jet_parallax_layout_bg_x_mobile&quot;:&quot;&quot;,&quot;jet_parallax_layout_bg_y&quot;:50,&quot;jet_parallax_layout_bg_y_tablet&quot;:&quot;&quot;,&quot;jet_parallax_layout_bg_y_mobile&quot;:&quot;&quot;,&quot;jet_parallax_layout_bg_size&quot;:&quot;auto&quot;,&quot;jet_parallax_layout_bg_size_tablet&quot;:&quot;&quot;,&quot;jet_parallax_layout_bg_size_mobile&quot;:&quot;&quot;,&quot;jet_parallax_layout_animation_prop&quot;:&quot;transform&quot;,&quot;jet_parallax_layout_on&quot;:[&quot;desktop&quot;,&quot;tablet&quot;]}]}\">\n\t\t\t\t\t\t<div class=\"elementor-container elementor-column-gap-default\">\n\t\t\t\t\t<div class=\"elementor-column elementor-col-100 elementor-top-column elementor-element elementor-element-3828e3df\" data-id=\"3828e3df\" data-element_type=\"column\">\n\t\t\t<div class=\"elementor-widget-wrap elementor-element-populated\">\n\t\t\t\t\t\t<div class=\"elementor-element elementor-element-1dab93b1 elementor-widget__width-initial elementor-widget elementor-widget-text-editor\" data-id=\"1dab93b1\" data-element_type=\"widget\" data-widget_type=\"text-editor.default\">\n\t\t\t\t<div class=\"elementor-widget-container\">\n\t\t\t\t\t\t\t<p>We regularly organize events and<br \/>Exhibitions through. Let you<br \/>surprised by the fascination of the button.<\/p><p>\u00a0<\/p><h5>Hinweis Ausstellung:<\/h5><p>Lebensbilder &amp; Knopfgeschichten<br \/>9.-24.11.2024 <\/p><p><strong>Bruno Weber<\/strong><br \/>Geschnittene Geschichten, Stimmungen, Visionen<\/p><p><strong>Theres Affentranger<\/strong><br \/>Knopfbilder und Kn\u00f6pfe<\/p><p>Atelier Vordemwald<br \/>Bruno Weber<br \/>Zofingerstrasse 10<br \/>4803 Vordemwald<\/p><p>Informationen:<br \/><span style=\"color: #0000ff;\"><a style=\"color: #0000ff;\" href=\"https:\/\/www.papierschnitt.ch\/lebensbilder-knopfgeschichten\" target=\"_blank\" rel=\"noopener\">papierschnitt.ch\/lebensbilder<\/a><\/span><\/p>\t\t\t\t\t\t<\/div>\n\t\t\t\t<\/div>\n\t\t\t\t\t<\/div>\n\t\t<\/div>\n\t\t\t\t\t<\/div>\n\t\t<\/section>\n\t\t\t\t<section class=\"elementor-section elementor-top-section elementor-element elementor-element-621bdfb elementor-section-boxed elementor-section-height-default elementor-section-height-default\" data-id=\"621bdfb\" data-element_type=\"section\" data-settings=\"{&quot;jet_parallax_layout_list&quot;:[]}\">\n\t\t\t\t\t\t<div class=\"elementor-container elementor-column-gap-default\">\n\t\t\t\t\t<div class=\"elementor-column elementor-col-100 elementor-top-column elementor-element elementor-element-f0ac9d6\" data-id=\"f0ac9d6\" data-element_type=\"column\">\n\t\t\t<div class=\"elementor-widget-wrap elementor-element-populated\">\n\t\t\t\t\t\t<div class=\"elementor-element elementor-element-c3156a7 elementor-widget elementor-widget-image\" data-id=\"c3156a7\" data-element_type=\"widget\" data-widget_type=\"image.default\">\n\t\t\t\t<div class=\"elementor-widget-container\">\n\t\t\t\t\t\t\t\t\t\t\t\t\t\t<a href=\"https:\/\/knopfclub.ch\/wp-content\/uploads\/2023\/06\/event_1.webp\" data-elementor-open-lightbox=\"yes\" data-elementor-lightbox-title=\"event_1\" data-e-action-hash=\"#elementor-action%3Aaction%3Dlightbox%26settings%3DeyJpZCI6NTk2NiwidXJsIjoiaHR0cHM6XC9cL2tub3BmY2x1Yi5jaFwvd3AtY29udGVudFwvdXBsb2Fkc1wvMjAyM1wvMDZcL2V2ZW50XzEud2VicCJ9\">\n\t\t\t\t\t\t\t<img fetchpriority=\"high\" decoding=\"async\" width=\"800\" height=\"600\" src=\"https:\/\/knopfclub.ch\/wp-content\/uploads\/2023\/06\/event_1.webp\" class=\"attachment-large size-large wp-image-5966\" alt=\"\" srcset=\"https:\/\/knopfclub.ch\/wp-content\/uploads\/2023\/06\/event_1.webp 900w, https:\/\/knopfclub.ch\/wp-content\/uploads\/2023\/06\/event_1-300x225.webp 300w, https:\/\/knopfclub.ch\/wp-content\/uploads\/2023\/06\/event_1-768x576.webp 768w\" sizes=\"(max-width: 800px) 100vw, 800px\" \/>\t\t\t\t\t\t\t\t<\/a>\n\t\t\t\t\t\t\t\t\t\t\t\t\t<\/div>\n\t\t\t\t<\/div>\n\t\t\t\t<div class=\"elementor-element elementor-element-94f2290 elementor-widget elementor-widget-image\" data-id=\"94f2290\" data-element_type=\"widget\" data-widget_type=\"image.default\">\n\t\t\t\t<div class=\"elementor-widget-container\">\n\t\t\t\t\t\t\t\t\t\t\t\t\t\t<a href=\"https:\/\/knopfclub.ch\/wp-content\/uploads\/2023\/06\/event_2.webp\" data-elementor-open-lightbox=\"yes\" data-elementor-lightbox-title=\"event_2\" data-e-action-hash=\"#elementor-action%3Aaction%3Dlightbox%26settings%3DeyJpZCI6NTk2NywidXJsIjoiaHR0cHM6XC9cL2tub3BmY2x1Yi5jaFwvd3AtY29udGVudFwvdXBsb2Fkc1wvMjAyM1wvMDZcL2V2ZW50XzIud2VicCJ9\">\n\t\t\t\t\t\t\t<img decoding=\"async\" width=\"800\" height=\"600\" src=\"https:\/\/knopfclub.ch\/wp-content\/uploads\/2023\/06\/event_2.webp\" class=\"attachment-large size-large wp-image-5967\" alt=\"\" srcset=\"https:\/\/knopfclub.ch\/wp-content\/uploads\/2023\/06\/event_2.webp 900w, https:\/\/knopfclub.ch\/wp-content\/uploads\/2023\/06\/event_2-300x225.webp 300w, https:\/\/knopfclub.ch\/wp-content\/uploads\/2023\/06\/event_2-768x576.webp 768w\" sizes=\"(max-width: 800px) 100vw, 800px\" \/>\t\t\t\t\t\t\t\t<\/a>\n\t\t\t\t\t\t\t\t\t\t\t\t\t<\/div>\n\t\t\t\t<\/div>\n\t\t\t\t<div class=\"elementor-element elementor-element-bf399c9 elementor-widget elementor-widget-image\" data-id=\"bf399c9\" data-element_type=\"widget\" data-widget_type=\"image.default\">\n\t\t\t\t<div class=\"elementor-widget-container\">\n\t\t\t\t\t\t\t\t\t\t\t\t\t\t<a href=\"https:\/\/knopfclub.ch\/wp-content\/uploads\/2023\/06\/event_3.webp\" data-elementor-open-lightbox=\"yes\" data-elementor-lightbox-title=\"event_3\" data-e-action-hash=\"#elementor-action%3Aaction%3Dlightbox%26settings%3DeyJpZCI6NTk2OCwidXJsIjoiaHR0cHM6XC9cL2tub3BmY2x1Yi5jaFwvd3AtY29udGVudFwvdXBsb2Fkc1wvMjAyM1wvMDZcL2V2ZW50XzMud2VicCJ9\">\n\t\t\t\t\t\t\t<img decoding=\"async\" width=\"800\" height=\"600\" src=\"https:\/\/knopfclub.ch\/wp-content\/uploads\/2023\/06\/event_3.webp\" class=\"attachment-large size-large wp-image-5968\" alt=\"\" srcset=\"https:\/\/knopfclub.ch\/wp-content\/uploads\/2023\/06\/event_3.webp 900w, https:\/\/knopfclub.ch\/wp-content\/uploads\/2023\/06\/event_3-300x225.webp 300w, https:\/\/knopfclub.ch\/wp-content\/uploads\/2023\/06\/event_3-768x576.webp 768w\" sizes=\"(max-width: 800px) 100vw, 800px\" \/>\t\t\t\t\t\t\t\t<\/a>\n\t\t\t\t\t\t\t\t\t\t\t\t\t<\/div>\n\t\t\t\t<\/div>\n\t\t\t\t<div class=\"elementor-element elementor-element-aa0078f elementor-widget elementor-widget-image\" data-id=\"aa0078f\" data-element_type=\"widget\" data-widget_type=\"image.default\">\n\t\t\t\t<div class=\"elementor-widget-container\">\n\t\t\t\t\t\t\t\t\t\t\t\t\t\t<a href=\"https:\/\/knopfclub.ch\/wp-content\/uploads\/2023\/06\/event_4.webp\" data-elementor-open-lightbox=\"yes\" data-elementor-lightbox-title=\"event_4\" data-e-action-hash=\"#elementor-action%3Aaction%3Dlightbox%26settings%3DeyJpZCI6NTk2OSwidXJsIjoiaHR0cHM6XC9cL2tub3BmY2x1Yi5jaFwvd3AtY29udGVudFwvdXBsb2Fkc1wvMjAyM1wvMDZcL2V2ZW50XzQud2VicCJ9\">\n\t\t\t\t\t\t\t<img loading=\"lazy\" decoding=\"async\" width=\"800\" height=\"600\" src=\"https:\/\/knopfclub.ch\/wp-content\/uploads\/2023\/06\/event_4.webp\" class=\"attachment-large size-large wp-image-5969\" alt=\"\" srcset=\"https:\/\/knopfclub.ch\/wp-content\/uploads\/2023\/06\/event_4.webp 900w, https:\/\/knopfclub.ch\/wp-content\/uploads\/2023\/06\/event_4-300x225.webp 300w, https:\/\/knopfclub.ch\/wp-content\/uploads\/2023\/06\/event_4-768x576.webp 768w\" sizes=\"(max-width: 800px) 100vw, 800px\" \/>\t\t\t\t\t\t\t\t<\/a>\n\t\t\t\t\t\t\t\t\t\t\t\t\t<\/div>\n\t\t\t\t<\/div>\n\t\t\t\t<div class=\"elementor-element elementor-element-2ce761a elementor-widget elementor-widget-image\" data-id=\"2ce761a\" data-element_type=\"widget\" data-widget_type=\"image.default\">\n\t\t\t\t<div class=\"elementor-widget-container\">\n\t\t\t\t\t\t\t\t\t\t\t\t\t\t<a href=\"https:\/\/knopfclub.ch\/wp-content\/uploads\/2023\/06\/event_5.webp\" data-elementor-open-lightbox=\"yes\" data-elementor-lightbox-title=\"event_5\" data-e-action-hash=\"#elementor-action%3Aaction%3Dlightbox%26settings%3DeyJpZCI6NTk3MCwidXJsIjoiaHR0cHM6XC9cL2tub3BmY2x1Yi5jaFwvd3AtY29udGVudFwvdXBsb2Fkc1wvMjAyM1wvMDZcL2V2ZW50XzUud2VicCJ9\">\n\t\t\t\t\t\t\t<img loading=\"lazy\" decoding=\"async\" width=\"800\" height=\"600\" src=\"https:\/\/knopfclub.ch\/wp-content\/uploads\/2023\/06\/event_5.webp\" class=\"attachment-large size-large wp-image-5970\" alt=\"\" srcset=\"https:\/\/knopfclub.ch\/wp-content\/uploads\/2023\/06\/event_5.webp 900w, https:\/\/knopfclub.ch\/wp-content\/uploads\/2023\/06\/event_5-300x225.webp 300w, https:\/\/knopfclub.ch\/wp-content\/uploads\/2023\/06\/event_5-768x576.webp 768w\" sizes=\"(max-width: 800px) 100vw, 800px\" \/>\t\t\t\t\t\t\t\t<\/a>\n\t\t\t\t\t\t\t\t\t\t\t\t\t<\/div>\n\t\t\t\t<\/div>\n\t\t\t\t<div class=\"elementor-element elementor-element-97dbce7 elementor-widget elementor-widget-image\" data-id=\"97dbce7\" data-element_type=\"widget\" data-widget_type=\"image.default\">\n\t\t\t\t<div class=\"elementor-widget-container\">\n\t\t\t\t\t\t\t\t\t\t\t\t\t\t<a href=\"https:\/\/knopfclub.ch\/wp-content\/uploads\/2023\/06\/event_6.webp\" data-elementor-open-lightbox=\"yes\" data-elementor-lightbox-title=\"event_6\" data-e-action-hash=\"#elementor-action%3Aaction%3Dlightbox%26settings%3DeyJpZCI6NTk3MSwidXJsIjoiaHR0cHM6XC9cL2tub3BmY2x1Yi5jaFwvd3AtY29udGVudFwvdXBsb2Fkc1wvMjAyM1wvMDZcL2V2ZW50XzYud2VicCJ9\">\n\t\t\t\t\t\t\t<img loading=\"lazy\" decoding=\"async\" width=\"800\" height=\"600\" src=\"https:\/\/knopfclub.ch\/wp-content\/uploads\/2023\/06\/event_6.webp\" class=\"attachment-large size-large wp-image-5971\" alt=\"\" srcset=\"https:\/\/knopfclub.ch\/wp-content\/uploads\/2023\/06\/event_6.webp 900w, https:\/\/knopfclub.ch\/wp-content\/uploads\/2023\/06\/event_6-300x225.webp 300w, https:\/\/knopfclub.ch\/wp-content\/uploads\/2023\/06\/event_6-768x576.webp 768w\" sizes=\"(max-width: 800px) 100vw, 800px\" \/>\t\t\t\t\t\t\t\t<\/a>\n\t\t\t\t\t\t\t\t\t\t\t\t\t<\/div>\n\t\t\t\t<\/div>\n\t\t\t\t\t<\/div>\n\t\t<\/div>\n\t\t\t\t\t<\/div>\n\t\t<\/section>\n\t\t\t\t<section class=\"elementor-section elementor-top-section elementor-element elementor-element-81490b5 elementor-section-boxed elementor-section-height-default elementor-section-height-default\" data-id=\"81490b5\" data-element_type=\"section\" data-settings=\"{&quot;jet_parallax_layout_list&quot;:[]}\">\n\t\t\t\t\t\t<div class=\"elementor-container elementor-column-gap-default\">\n\t\t\t\t\t<div class=\"elementor-column elementor-col-100 elementor-top-column elementor-element elementor-element-78a5fac\" data-id=\"78a5fac\" data-element_type=\"column\">\n\t\t\t<div class=\"elementor-widget-wrap elementor-element-populated\">\n\t\t\t\t\t\t<div class=\"elementor-element elementor-element-805c14c elementor-widget__width-initial elementor-widget elementor-widget-text-editor\" data-id=\"805c14c\" data-element_type=\"widget\" data-widget_type=\"text-editor.default\">\n\t\t\t\t<div class=\"elementor-widget-container\">\n\t\t\t\t\t\t\t<p><strong>Button exhibitions<\/strong><br>So far, the Swiss Button Club has presented itself publicly six times. The exhibitions were extended by months in the 90s!<\/p><p>2010 Swissexpo, Zurich; buyers fair for wool and handicrafts<br>1998\/99 Local Museum Zollikon; \"Open-minded - Buttoned-up\".<br>1992 Galerie zur Hofstatt, Gipf Obertrick; \"Masterpieces from the button box\".<br>1991 Museum Neuhaus, Biel; \"Button-Fascination-Bouton\".<br>1987 Muba, Basel<br>1985 Z\u00fcspa halls in Zurich<\/p>\n<p><br><b>Members exhibitions<\/b><\/p>\n<p>2014 Ilanz Monastery (CH) Barbara Hugentobler-Rudolf<br>2014 Bad Lobenstein (D) Friederike K\u00f6stner<br>2013 M\u00e9ru (F) Gilles Osvald<br>2013 Ciliverghe de Mazzano (I) Franco Jacassi<br>2012 Briare (F) Gilles Osvald<br>2012 G\u00f6ssnitz (D) Monika Schakaleski<br>2012 Schm\u00f6lln (D) Klaus K\u00f6stner and daughter<br>2012 Marienberg (D) Friederike K\u00f6stner<br>2011 Schm\u00f6lln (D) Monika Schakaleski<br>2010 Vienna (A) Hubert Borger<br>2010 Kopfing (A) Monika Weis<br>2010 Maple (D) Friederike K\u00f6stner<br>2010 Paris (F) Loic Allio<br>2009 Mellingen (CH) Hilde Natter<br>2009 Frensdorf (D) Friederike K\u00f6stner<br>2008 Nordhalben (D) Friederike K\u00f6stner<br>2008 Leonberg (D) Friederike K\u00f6stner<br>2007 Mont\u00e9limar (F) Loic Allio<br>2003 Milan (I) Franco Jacassi<br>2003 Rottweil (D) Klaus B\u00f6hm<br>2002 Baden Frankenhausen (D) Hans Hochrein<br>2001 Warthausen Button Museum Alice Rukin<br>1998 La Chaux-de-Fonds (CH) L. and V. Voumard<br>1996 Touring exhibition Klaus B\u00f6hm<br>1996 Burgdorf (CH) Heidi Haupt<br>1995 Grosssleghards (A) Monika Weis<br>1995 Waldenbuch (D) Edith and Marcel Hermann<br>1994 Bad Frankenhausen (D) Edith and Marcel Hermann<br>1993 Olten (CH) Heidi Haupt<br>1993 Near Reutlingen (D) Klaus B\u00f6hm<br>1993 Ried (A) Monika Weis<br>1992 Bad Frankenhausen (D) Edith and Marcel Hermann<br>1990 Museum B\u00e4rnau (D) Edith and Marcel Hermann<br>1989 Museum B\u00e4rnau (D) Edith and Marcel Hermann<br>1988 Museum B\u00e4rnau (D) Edith and Marcel Hermann<br>1987 Museum B\u00e4rnau (D) Edith and Marcel Hermann<br>1985 Z\u00fcspa Halls Zurich (CH) H. Natter u. M.L. Daeniker<\/p>\t\t\t\t\t\t<\/div>\n\t\t\t\t<\/div>\n\t\t\t\t\t<\/div>\n\t\t<\/div>\n\t\t\t\t\t<\/div>\n\t\t<\/section>\n\t\t\t\t<section class=\"elementor-section elementor-top-section elementor-element elementor-element-be23d26 elementor-section-boxed elementor-section-height-default elementor-section-height-default\" data-id=\"be23d26\" data-element_type=\"section\" data-settings=\"{&quot;jet_parallax_layout_list&quot;:[]}\">\n\t\t\t\t\t\t<div class=\"elementor-container elementor-column-gap-default\">\n\t\t\t\t\t<div class=\"elementor-column elementor-col-100 elementor-top-column elementor-element elementor-element-42cb431\" data-id=\"42cb431\" data-element_type=\"column\">\n\t\t\t<div class=\"elementor-widget-wrap elementor-element-populated\">\n\t\t\t\t\t\t<section class=\"elementor-section elementor-inner-section elementor-element elementor-element-adf8623 elementor-section-boxed elementor-section-height-default elementor-section-height-default\" data-id=\"adf8623\" data-element_type=\"section\" data-settings=\"{&quot;jet_parallax_layout_list&quot;:[]}\">\n\t\t\t\t\t\t<div class=\"elementor-container elementor-column-gap-default\">\n\t\t\t\t\t<div class=\"elementor-column elementor-col-50 elementor-inner-column elementor-element elementor-element-6c1eb51\" data-id=\"6c1eb51\" data-element_type=\"column\">\n\t\t\t<div class=\"elementor-widget-wrap elementor-element-populated\">\n\t\t\t\t\t\t<div class=\"elementor-element elementor-element-a68d7cc elementor-align-right elementor-widget elementor-widget-button\" data-id=\"a68d7cc\" data-element_type=\"widget\" data-widget_type=\"button.default\">\n\t\t\t\t<div class=\"elementor-widget-container\">\n\t\t\t\t\t<div class=\"elementor-button-wrapper\">\n\t\t\t<a class=\"elementor-button elementor-button-link elementor-size-sm\" href=\"https:\/\/knopfclub.ch\/kontakt\/\">\n\t\t\t\t\t\t<span class=\"elementor-button-content-wrapper\">\n\t\t\t\t\t\t\t\t\t<span class=\"elementor-button-text\">Contact<\/span>\n\t\t\t\t\t<\/span>\n\t\t\t\t\t<\/a>\n\t\t<\/div>\n\t\t\t\t<\/div>\n\t\t\t\t<\/div>\n\t\t\t\t\t<\/div>\n\t\t<\/div>\n\t\t\t\t<div class=\"elementor-column elementor-col-50 elementor-inner-column elementor-element elementor-element-64ab815\" data-id=\"64ab815\" data-element_type=\"column\">\n\t\t\t<div class=\"elementor-widget-wrap elementor-element-populated\">\n\t\t\t\t\t\t<div class=\"elementor-element elementor-element-f52e2c6 elementor-widget elementor-widget-button\" data-id=\"f52e2c6\" data-element_type=\"widget\" data-widget_type=\"button.default\">\n\t\t\t\t<div class=\"elementor-widget-container\">\n\t\t\t\t\t<div class=\"elementor-button-wrapper\">\n\t\t\t<a class=\"elementor-button elementor-button-link elementor-size-sm\" href=\"\/index.php\">\n\t\t\t\t\t\t<span class=\"elementor-button-content-wrapper\">\n\t\t\t\t\t\t\t\t\t<span class=\"elementor-button-text\">back<\/span>\n\t\t\t\t\t<\/span>\n\t\t\t\t\t<\/a>\n\t\t<\/div>\n\t\t\t\t<\/div>\n\t\t\t\t<\/div>\n\t\t\t\t\t<\/div>\n\t\t<\/div>\n\t\t\t\t\t<\/div>\n\t\t<\/section>\n\t\t\t\t\t<\/div>\n\t\t<\/div>\n\t\t\t\t\t<\/div>\n\t\t<\/section>\n\t\t\t\t<\/div>","protected":false},"excerpt":{"rendered":"<p>Events | Ausstellungen Wir f\u00fchren regelm\u00e4ssig Events undAusstellungen durch. Lassen Sie sichvon der Faszination des Knopfes \u00fcberraschen. \u00a0 Hinweis Ausstellung: Lebensbilder &amp; Knopfgeschichten9.-24.11.2024 Bruno WeberGeschnittene Geschichten, Stimmungen, Visionen Theres AffentrangerKnopfbilder und Kn\u00f6pfe Atelier VordemwaldBruno WeberZofingerstrasse 104803 Vordemwald Informationen:papierschnitt.ch\/lebensbilder KnopfausstellungenBisher hat sich der Schweizer Knopfclub sechsmal \u00f6ffentlich pr\u00e4sentiert. Die Ausstellungen wurden in den 90er Jahren um [&hellip;]<\/p>","protected":false},"author":1,"featured_media":0,"parent":0,"menu_order":0,"comment_status":"closed","ping_status":"closed","template":"","meta":{"inline_featured_image":false,"footnotes":""},"_links":{"self":[{"href":"https:\/\/knopfclub.ch\/en\/wp-json\/wp\/v2\/pages\/3936"}],"collection":[{"href":"https:\/\/knopfclub.ch\/en\/wp-json\/wp\/v2\/pages"}],"about":[{"href":"https:\/\/knopfclub.ch\/en\/wp-json\/wp\/v2\/types\/page"}],"author":[{"embeddable":true,"href":"https:\/\/knopfclub.ch\/en\/wp-json\/wp\/v2\/users\/1"}],"replies":[{"embeddable":true,"href":"https:\/\/knopfclub.ch\/en\/wp-json\/wp\/v2\/comments?post=3936"}],"version-history":[{"count":122,"href":"https:\/\/knopfclub.ch\/en\/wp-json\/wp\/v2\/pages\/3936\/revisions"}],"predecessor-version":[{"id":6124,"href":"https:\/\/knopfclub.ch\/en\/wp-json\/wp\/v2\/pages\/3936\/revisions\/6124"}],"wp:attachment":[{"href":"https:\/\/knopfclub.ch\/en\/wp-json\/wp\/v2\/media?parent=3936"}],"curies":[{"name":"wp","href":"https:\/\/api.w.org\/{rel}","templated":true}]}}