{"id":4562,"date":"2022-10-31T19:53:01","date_gmt":"2022-10-31T19:53:01","guid":{"rendered":"https:\/\/knopfclub.ch\/de\/?page_id=4562"},"modified":"2023-06-05T12:34:12","modified_gmt":"2023-06-05T12:34:12","slug":"ueber-uns","status":"publish","type":"page","link":"https:\/\/knopfclub.ch\/de\/ueber-uns\/","title":{"rendered":"\u00dcber uns"},"content":{"rendered":"\t\t<div data-elementor-type=\"wp-page\" data-elementor-id=\"4562\" class=\"elementor elementor-4562\" data-elementor-post-type=\"page\">\n\t\t\t\t\t\t<section class=\"elementor-section elementor-top-section elementor-element elementor-element-6a30492f elementor-section-full_width elementor-section-height-min-height elementor-section-height-default elementor-section-items-middle\" data-id=\"6a30492f\" data-element_type=\"section\" id=\"slider_hide1\" data-settings=\"{&quot;jet_parallax_layout_list&quot;:[{&quot;_id&quot;:&quot;5aba94&quot;,&quot;jet_parallax_layout_image&quot;:{&quot;url&quot;:&quot;&quot;,&quot;id&quot;:&quot;&quot;,&quot;size&quot;:&quot;&quot;},&quot;jet_parallax_layout_image_tablet&quot;:{&quot;url&quot;:&quot;&quot;,&quot;id&quot;:&quot;&quot;,&quot;size&quot;:&quot;&quot;},&quot;jet_parallax_layout_image_mobile&quot;:{&quot;url&quot;:&quot;&quot;,&quot;id&quot;:&quot;&quot;,&quot;size&quot;:&quot;&quot;},&quot;jet_parallax_layout_speed&quot;:{&quot;unit&quot;:&quot;%&quot;,&quot;size&quot;:50,&quot;sizes&quot;:[]},&quot;jet_parallax_layout_type&quot;:&quot;scroll&quot;,&quot;jet_parallax_layout_direction&quot;:null,&quot;jet_parallax_layout_fx_direction&quot;:null,&quot;jet_parallax_layout_z_index&quot;:&quot;&quot;,&quot;jet_parallax_layout_bg_x&quot;:50,&quot;jet_parallax_layout_bg_x_tablet&quot;:&quot;&quot;,&quot;jet_parallax_layout_bg_x_mobile&quot;:&quot;&quot;,&quot;jet_parallax_layout_bg_y&quot;:50,&quot;jet_parallax_layout_bg_y_tablet&quot;:&quot;&quot;,&quot;jet_parallax_layout_bg_y_mobile&quot;:&quot;&quot;,&quot;jet_parallax_layout_bg_size&quot;:&quot;auto&quot;,&quot;jet_parallax_layout_bg_size_tablet&quot;:&quot;&quot;,&quot;jet_parallax_layout_bg_size_mobile&quot;:&quot;&quot;,&quot;jet_parallax_layout_animation_prop&quot;:&quot;transform&quot;,&quot;jet_parallax_layout_on&quot;:[&quot;desktop&quot;,&quot;tablet&quot;]}],&quot;background_background&quot;:&quot;classic&quot;}\">\n\t\t\t\t\t\t\t<div class=\"elementor-background-overlay\"><\/div>\n\t\t\t\t\t\t\t<div class=\"elementor-container elementor-column-gap-default\">\n\t\t\t\t\t<div class=\"elementor-column elementor-col-100 elementor-top-column elementor-element elementor-element-55a8a619\" data-id=\"55a8a619\" data-element_type=\"column\">\n\t\t\t<div class=\"elementor-widget-wrap elementor-element-populated\">\n\t\t\t\t\t\t<div class=\"elementor-element elementor-element-5dd4ff9c elementor-widget elementor-widget-heading\" data-id=\"5dd4ff9c\" data-element_type=\"widget\" data-widget_type=\"heading.default\">\n\t\t\t\t<div class=\"elementor-widget-container\">\n\t\t\t<h2 class=\"elementor-heading-title elementor-size-default\">KNOPFCLUB SCHWEIZ<\/h2>\t\t<\/div>\n\t\t\t\t<\/div>\n\t\t\t\t\t<\/div>\n\t\t<\/div>\n\t\t\t\t\t<\/div>\n\t\t<\/section>\n\t\t\t\t<section class=\"elementor-section elementor-top-section elementor-element elementor-element-5d60fe7a elementor-section-boxed elementor-section-height-default elementor-section-height-default\" data-id=\"5d60fe7a\" data-element_type=\"section\" data-settings=\"{&quot;jet_parallax_layout_list&quot;:[{&quot;jet_parallax_layout_image&quot;:{&quot;url&quot;:&quot;&quot;,&quot;id&quot;:&quot;&quot;,&quot;size&quot;:&quot;&quot;},&quot;_id&quot;:&quot;6db8c45&quot;,&quot;jet_parallax_layout_image_tablet&quot;:{&quot;url&quot;:&quot;&quot;,&quot;id&quot;:&quot;&quot;,&quot;size&quot;:&quot;&quot;},&quot;jet_parallax_layout_image_mobile&quot;:{&quot;url&quot;:&quot;&quot;,&quot;id&quot;:&quot;&quot;,&quot;size&quot;:&quot;&quot;},&quot;jet_parallax_layout_speed&quot;:{&quot;unit&quot;:&quot;%&quot;,&quot;size&quot;:50,&quot;sizes&quot;:[]},&quot;jet_parallax_layout_type&quot;:&quot;scroll&quot;,&quot;jet_parallax_layout_direction&quot;:null,&quot;jet_parallax_layout_fx_direction&quot;:null,&quot;jet_parallax_layout_z_index&quot;:&quot;&quot;,&quot;jet_parallax_layout_bg_x&quot;:50,&quot;jet_parallax_layout_bg_x_tablet&quot;:&quot;&quot;,&quot;jet_parallax_layout_bg_x_mobile&quot;:&quot;&quot;,&quot;jet_parallax_layout_bg_y&quot;:50,&quot;jet_parallax_layout_bg_y_tablet&quot;:&quot;&quot;,&quot;jet_parallax_layout_bg_y_mobile&quot;:&quot;&quot;,&quot;jet_parallax_layout_bg_size&quot;:&quot;auto&quot;,&quot;jet_parallax_layout_bg_size_tablet&quot;:&quot;&quot;,&quot;jet_parallax_layout_bg_size_mobile&quot;:&quot;&quot;,&quot;jet_parallax_layout_animation_prop&quot;:&quot;transform&quot;,&quot;jet_parallax_layout_on&quot;:[&quot;desktop&quot;,&quot;tablet&quot;]}]}\">\n\t\t\t\t\t\t<div class=\"elementor-container elementor-column-gap-default\">\n\t\t\t\t\t<div class=\"elementor-column elementor-col-100 elementor-top-column elementor-element elementor-element-6e41f627\" data-id=\"6e41f627\" data-element_type=\"column\">\n\t\t\t<div class=\"elementor-widget-wrap elementor-element-populated\">\n\t\t\t\t\t\t<div class=\"elementor-element elementor-element-266c1527 elementor-widget__width-initial elementor-widget elementor-widget-text-editor\" data-id=\"266c1527\" data-element_type=\"widget\" data-widget_type=\"text-editor.default\">\n\t\t\t\t<div class=\"elementor-widget-container\">\n\t\t\t\t\t\t\t<p>Wir sind eine Interessengemeinschaft von Frauen und M\u00e4nnern,<br \/>die sich mit kulturhistorischen Zusammenh\u00e4ngen<br \/>von Kn\u00f6pfen auseinandersetzen.<\/p>\t\t\t\t\t\t<\/div>\n\t\t\t\t<\/div>\n\t\t\t\t\t<\/div>\n\t\t<\/div>\n\t\t\t\t\t<\/div>\n\t\t<\/section>\n\t\t\t\t<section class=\"elementor-section elementor-top-section elementor-element elementor-element-61a3e936 elementor-section-boxed elementor-section-height-default elementor-section-height-default\" data-id=\"61a3e936\" data-element_type=\"section\" data-settings=\"{&quot;jet_parallax_layout_list&quot;:[]}\">\n\t\t\t\t\t\t<div class=\"elementor-container elementor-column-gap-default\">\n\t\t\t\t\t<div class=\"elementor-column elementor-col-100 elementor-top-column elementor-element elementor-element-29711b28\" data-id=\"29711b28\" data-element_type=\"column\">\n\t\t\t<div class=\"elementor-widget-wrap elementor-element-populated\">\n\t\t\t\t\t\t<div class=\"elementor-element elementor-element-17ed71aa elementor-widget elementor-widget-image\" data-id=\"17ed71aa\" data-element_type=\"widget\" data-widget_type=\"image.default\">\n\t\t\t\t<div class=\"elementor-widget-container\">\n\t\t\t\t\t\t\t\t\t\t\t\t\t\t<a href=\"https:\/\/knopfclub.ch\/wp-content\/uploads\/2023\/06\/KNOPFCLUB_1.webp\" data-elementor-open-lightbox=\"yes\" data-elementor-lightbox-title=\"KNOPFCLUB_1\" data-e-action-hash=\"#elementor-action%3Aaction%3Dlightbox%26settings%3DeyJpZCI6NTk4MiwidXJsIjoiaHR0cHM6XC9cL2tub3BmY2x1Yi5jaFwvd3AtY29udGVudFwvdXBsb2Fkc1wvMjAyM1wvMDZcL0tOT1BGQ0xVQl8xLndlYnAifQ%3D%3D\">\n\t\t\t\t\t\t\t<img fetchpriority=\"high\" decoding=\"async\" width=\"800\" height=\"599\" src=\"https:\/\/knopfclub.ch\/wp-content\/uploads\/2023\/06\/KNOPFCLUB_1.webp\" class=\"attachment-large size-large wp-image-5982\" alt=\"\" srcset=\"https:\/\/knopfclub.ch\/wp-content\/uploads\/2023\/06\/KNOPFCLUB_1.webp 900w, https:\/\/knopfclub.ch\/wp-content\/uploads\/2023\/06\/KNOPFCLUB_1-300x225.webp 300w, https:\/\/knopfclub.ch\/wp-content\/uploads\/2023\/06\/KNOPFCLUB_1-768x575.webp 768w\" sizes=\"(max-width: 800px) 100vw, 800px\" \/>\t\t\t\t\t\t\t\t<\/a>\n\t\t\t\t\t\t\t\t\t\t\t\t\t<\/div>\n\t\t\t\t<\/div>\n\t\t\t\t<div class=\"elementor-element elementor-element-22ecb807 elementor-widget elementor-widget-image\" data-id=\"22ecb807\" data-element_type=\"widget\" data-widget_type=\"image.default\">\n\t\t\t\t<div class=\"elementor-widget-container\">\n\t\t\t\t\t\t\t\t\t\t\t\t\t\t<a href=\"https:\/\/knopfclub.ch\/wp-content\/uploads\/2023\/06\/KNOPFCLUB_2.webp\" data-elementor-open-lightbox=\"yes\" data-elementor-lightbox-title=\"KNOPFCLUB_2\" data-e-action-hash=\"#elementor-action%3Aaction%3Dlightbox%26settings%3DeyJpZCI6NTk4MywidXJsIjoiaHR0cHM6XC9cL2tub3BmY2x1Yi5jaFwvd3AtY29udGVudFwvdXBsb2Fkc1wvMjAyM1wvMDZcL0tOT1BGQ0xVQl8yLndlYnAifQ%3D%3D\">\n\t\t\t\t\t\t\t<img decoding=\"async\" width=\"800\" height=\"599\" src=\"https:\/\/knopfclub.ch\/wp-content\/uploads\/2023\/06\/KNOPFCLUB_2.webp\" class=\"attachment-large size-large wp-image-5983\" alt=\"\" srcset=\"https:\/\/knopfclub.ch\/wp-content\/uploads\/2023\/06\/KNOPFCLUB_2.webp 900w, https:\/\/knopfclub.ch\/wp-content\/uploads\/2023\/06\/KNOPFCLUB_2-300x225.webp 300w, https:\/\/knopfclub.ch\/wp-content\/uploads\/2023\/06\/KNOPFCLUB_2-768x575.webp 768w\" sizes=\"(max-width: 800px) 100vw, 800px\" \/>\t\t\t\t\t\t\t\t<\/a>\n\t\t\t\t\t\t\t\t\t\t\t\t\t<\/div>\n\t\t\t\t<\/div>\n\t\t\t\t<div class=\"elementor-element elementor-element-2400f328 elementor-widget elementor-widget-image\" data-id=\"2400f328\" data-element_type=\"widget\" data-widget_type=\"image.default\">\n\t\t\t\t<div class=\"elementor-widget-container\">\n\t\t\t\t\t\t\t\t\t\t\t\t\t\t<a href=\"https:\/\/knopfclub.ch\/wp-content\/uploads\/2023\/06\/KNOPFCLUB_3.webp\" data-elementor-open-lightbox=\"yes\" data-elementor-lightbox-title=\"KNOPFCLUB_3\" data-e-action-hash=\"#elementor-action%3Aaction%3Dlightbox%26settings%3DeyJpZCI6NTk4NCwidXJsIjoiaHR0cHM6XC9cL2tub3BmY2x1Yi5jaFwvd3AtY29udGVudFwvdXBsb2Fkc1wvMjAyM1wvMDZcL0tOT1BGQ0xVQl8zLndlYnAifQ%3D%3D\">\n\t\t\t\t\t\t\t<img decoding=\"async\" width=\"800\" height=\"600\" src=\"https:\/\/knopfclub.ch\/wp-content\/uploads\/2023\/06\/KNOPFCLUB_3.webp\" class=\"attachment-large size-large wp-image-5984\" alt=\"\" srcset=\"https:\/\/knopfclub.ch\/wp-content\/uploads\/2023\/06\/KNOPFCLUB_3.webp 900w, https:\/\/knopfclub.ch\/wp-content\/uploads\/2023\/06\/KNOPFCLUB_3-300x225.webp 300w, https:\/\/knopfclub.ch\/wp-content\/uploads\/2023\/06\/KNOPFCLUB_3-768x576.webp 768w\" sizes=\"(max-width: 800px) 100vw, 800px\" \/>\t\t\t\t\t\t\t\t<\/a>\n\t\t\t\t\t\t\t\t\t\t\t\t\t<\/div>\n\t\t\t\t<\/div>\n\t\t\t\t<div class=\"elementor-element elementor-element-2a7dcff4 elementor-widget elementor-widget-image\" data-id=\"2a7dcff4\" data-element_type=\"widget\" data-widget_type=\"image.default\">\n\t\t\t\t<div class=\"elementor-widget-container\">\n\t\t\t\t\t\t\t\t\t\t\t\t\t\t<a href=\"https:\/\/knopfclub.ch\/wp-content\/uploads\/2023\/06\/KNOPFCLUB_4.webp\" data-elementor-open-lightbox=\"yes\" data-elementor-lightbox-title=\"KNOPFCLUB_4\" data-e-action-hash=\"#elementor-action%3Aaction%3Dlightbox%26settings%3DeyJpZCI6NTk4NSwidXJsIjoiaHR0cHM6XC9cL2tub3BmY2x1Yi5jaFwvd3AtY29udGVudFwvdXBsb2Fkc1wvMjAyM1wvMDZcL0tOT1BGQ0xVQl80LndlYnAifQ%3D%3D\">\n\t\t\t\t\t\t\t<img loading=\"lazy\" decoding=\"async\" width=\"800\" height=\"600\" src=\"https:\/\/knopfclub.ch\/wp-content\/uploads\/2023\/06\/KNOPFCLUB_4.webp\" class=\"attachment-large size-large wp-image-5985\" alt=\"\" srcset=\"https:\/\/knopfclub.ch\/wp-content\/uploads\/2023\/06\/KNOPFCLUB_4.webp 900w, https:\/\/knopfclub.ch\/wp-content\/uploads\/2023\/06\/KNOPFCLUB_4-300x225.webp 300w, https:\/\/knopfclub.ch\/wp-content\/uploads\/2023\/06\/KNOPFCLUB_4-768x576.webp 768w\" sizes=\"(max-width: 800px) 100vw, 800px\" \/>\t\t\t\t\t\t\t\t<\/a>\n\t\t\t\t\t\t\t\t\t\t\t\t\t<\/div>\n\t\t\t\t<\/div>\n\t\t\t\t\t<\/div>\n\t\t<\/div>\n\t\t\t\t\t<\/div>\n\t\t<\/section>\n\t\t\t\t<section class=\"elementor-section elementor-top-section elementor-element elementor-element-5fc84aac elementor-section-boxed elementor-section-height-default elementor-section-height-default\" data-id=\"5fc84aac\" data-element_type=\"section\" data-settings=\"{&quot;jet_parallax_layout_list&quot;:[]}\">\n\t\t\t\t\t\t<div class=\"elementor-container elementor-column-gap-default\">\n\t\t\t\t\t<div class=\"elementor-column elementor-col-100 elementor-top-column elementor-element elementor-element-109c44c8\" data-id=\"109c44c8\" data-element_type=\"column\">\n\t\t\t<div class=\"elementor-widget-wrap elementor-element-populated\">\n\t\t\t\t\t\t<div class=\"elementor-element elementor-element-7b44fdb2 elementor-widget__width-initial elementor-widget elementor-widget-text-editor\" data-id=\"7b44fdb2\" data-element_type=\"widget\" data-widget_type=\"text-editor.default\">\n\t\t\t\t<div class=\"elementor-widget-container\">\n\t\t\t\t\t\t\t<p>Der Knopfclub unterst\u00fctzt die Mitglieder beim Aufbau ihrer Sammlung und vermittelt ihnen das entsprechende Hintergrundwissen.<\/p><p>Der Knopf, egal aus Holz, Stoff, Metall, Knochen, Perlmutt, Glas oder Kunststoff, ist ein Spiegelbild der Mode, der Gesellschaft und der Industrialisierungsm\u00f6glichkeiten. Wir sind Sammlerinnen und Sammler, die sich f\u00fcr den kulturhistorischen Wert des Knopfes interessieren. Als Mitglied des Knopfclubs haben Sie die M\u00f6glichkeit, im Austausch mit den Clubmitgliedern, die Wunderwelt der Kn\u00f6pfe kennen zu lernen.<\/p>\t\t\t\t\t\t<\/div>\n\t\t\t\t<\/div>\n\t\t\t\t\t<\/div>\n\t\t<\/div>\n\t\t\t\t\t<\/div>\n\t\t<\/section>\n\t\t\t\t<section class=\"elementor-section elementor-top-section elementor-element elementor-element-1b1024ec elementor-section-boxed elementor-section-height-default elementor-section-height-default\" data-id=\"1b1024ec\" data-element_type=\"section\" data-settings=\"{&quot;jet_parallax_layout_list&quot;:[]}\">\n\t\t\t\t\t\t<div class=\"elementor-container elementor-column-gap-default\">\n\t\t\t\t\t<div class=\"elementor-column elementor-col-100 elementor-top-column elementor-element elementor-element-5bfb19c3\" data-id=\"5bfb19c3\" data-element_type=\"column\">\n\t\t\t<div class=\"elementor-widget-wrap elementor-element-populated\">\n\t\t\t\t\t\t<section class=\"elementor-section elementor-inner-section elementor-element elementor-element-1cd26762 elementor-section-boxed elementor-section-height-default elementor-section-height-default\" data-id=\"1cd26762\" data-element_type=\"section\" data-settings=\"{&quot;jet_parallax_layout_list&quot;:[]}\">\n\t\t\t\t\t\t<div class=\"elementor-container elementor-column-gap-default\">\n\t\t\t\t\t<div class=\"elementor-column elementor-col-50 elementor-inner-column elementor-element elementor-element-6d00d72e\" data-id=\"6d00d72e\" data-element_type=\"column\">\n\t\t\t<div class=\"elementor-widget-wrap elementor-element-populated\">\n\t\t\t\t\t\t<div class=\"elementor-element elementor-element-588fc590 elementor-align-right elementor-widget elementor-widget-button\" data-id=\"588fc590\" data-element_type=\"widget\" data-widget_type=\"button.default\">\n\t\t\t\t<div class=\"elementor-widget-container\">\n\t\t\t\t\t<div class=\"elementor-button-wrapper\">\n\t\t\t<a class=\"elementor-button elementor-button-link elementor-size-sm\" href=\"https:\/\/knopfclub.ch\/kontakt\/\">\n\t\t\t\t\t\t<span class=\"elementor-button-content-wrapper\">\n\t\t\t\t\t\t\t\t\t<span class=\"elementor-button-text\">Kontakt<\/span>\n\t\t\t\t\t<\/span>\n\t\t\t\t\t<\/a>\n\t\t<\/div>\n\t\t\t\t<\/div>\n\t\t\t\t<\/div>\n\t\t\t\t\t<\/div>\n\t\t<\/div>\n\t\t\t\t<div class=\"elementor-column elementor-col-50 elementor-inner-column elementor-element elementor-element-33208e77\" data-id=\"33208e77\" data-element_type=\"column\">\n\t\t\t<div class=\"elementor-widget-wrap elementor-element-populated\">\n\t\t\t\t\t\t<div class=\"elementor-element elementor-element-7be5b4e1 elementor-widget elementor-widget-button\" data-id=\"7be5b4e1\" data-element_type=\"widget\" data-widget_type=\"button.default\">\n\t\t\t\t<div class=\"elementor-widget-container\">\n\t\t\t\t\t<div class=\"elementor-button-wrapper\">\n\t\t\t<a class=\"elementor-button elementor-button-link elementor-size-sm\" href=\"\/index.php\">\n\t\t\t\t\t\t<span class=\"elementor-button-content-wrapper\">\n\t\t\t\t\t\t\t\t\t<span class=\"elementor-button-text\">zur\u00fcck<\/span>\n\t\t\t\t\t<\/span>\n\t\t\t\t\t<\/a>\n\t\t<\/div>\n\t\t\t\t<\/div>\n\t\t\t\t<\/div>\n\t\t\t\t\t<\/div>\n\t\t<\/div>\n\t\t\t\t\t<\/div>\n\t\t<\/section>\n\t\t\t\t\t<\/div>\n\t\t<\/div>\n\t\t\t\t\t<\/div>\n\t\t<\/section>\n\t\t\t\t<\/div>\n\t\t","protected":false},"excerpt":{"rendered":"<p>KNOPFCLUB SCHWEIZ Wir sind eine Interessengemeinschaft von Frauen und M\u00e4nnern,die sich mit kulturhistorischen Zusammenh\u00e4ngenvon Kn\u00f6pfen auseinandersetzen. Der Knopfclub unterst\u00fctzt die Mitglieder beim Aufbau ihrer Sammlung und vermittelt ihnen das entsprechende Hintergrundwissen. Der Knopf, egal aus Holz, Stoff, Metall, Knochen, Perlmutt, Glas oder Kunststoff, ist ein Spiegelbild der Mode, der Gesellschaft und der Industrialisierungsm\u00f6glichkeiten. Wir sind [&hellip;]<\/p>\n","protected":false},"author":1,"featured_media":0,"parent":0,"menu_order":0,"comment_status":"closed","ping_status":"closed","template":"","meta":{"inline_featured_image":false,"footnotes":""},"_links":{"self":[{"href":"https:\/\/knopfclub.ch\/de\/wp-json\/wp\/v2\/pages\/4562"}],"collection":[{"href":"https:\/\/knopfclub.ch\/de\/wp-json\/wp\/v2\/pages"}],"about":[{"href":"https:\/\/knopfclub.ch\/de\/wp-json\/wp\/v2\/types\/page"}],"author":[{"embeddable":true,"href":"https:\/\/knopfclub.ch\/de\/wp-json\/wp\/v2\/users\/1"}],"replies":[{"embeddable":true,"href":"https:\/\/knopfclub.ch\/de\/wp-json\/wp\/v2\/comments?post=4562"}],"version-history":[{"count":43,"href":"https:\/\/knopfclub.ch\/de\/wp-json\/wp\/v2\/pages\/4562\/revisions"}],"predecessor-version":[{"id":6025,"href":"https:\/\/knopfclub.ch\/de\/wp-json\/wp\/v2\/pages\/4562\/revisions\/6025"}],"wp:attachment":[{"href":"https:\/\/knopfclub.ch\/de\/wp-json\/wp\/v2\/media?parent=4562"}],"curies":[{"name":"wp","href":"https:\/\/api.w.org\/{rel}","templated":true}]}}